{"id":6,"date":"2016-09-17T17:05:32","date_gmt":"2016-09-17T15:05:32","guid":{"rendered":"http:\/\/capoeira-gerais.com\/?page_id=6"},"modified":"2018-01-23T15:45:07","modified_gmt":"2018-01-23T14:45:07","slug":"capoeira-gerais-demenageur-demenagement-visa-chine-visa-inde-visa-vietnam-visa-russie-croisiere-safari-afrique-garde-meubles","status":"publish","type":"page","link":"https:\/\/capoeira-gerais.com\/","title":{"rendered":"Capoeira Gerais"},"content":{"rendered":"<h2>Pr\u00e9sentation de la Capoeira\u00a0<img loading=\"lazy\" class=\"alignright size-medium wp-image-14\" src=\"https:\/\/capoeira-gerais.com\/wp-content\/uploads\/2016\/09\/14-1.jpeg-300x129.jpg\" alt=\"14-1.jpeg\" width=\"300\" height=\"129\" srcset=\"https:\/\/capoeira-gerais.com\/wp-content\/uploads\/2016\/09\/14-1.jpeg-300x129.jpg 300w, https:\/\/capoeira-gerais.com\/wp-content\/uploads\/2016\/09\/14-1.jpeg.jpg 342w\" sizes=\"(max-width: 300px) 100vw, 300px\" \/><\/h2>\n<p>&nbsp;<\/p>\n<p>A moiti\u00e9 entre danse et sport de combat, la Capoeira est un art martial afro-br\u00e9silien. Elle puise ses racines dans les m\u00e9thodes de combats des peuples africains du temps de l\u2019esclavage. Ces derniers n\u2019avaient pas le droit d\u2019apprendre \u00e0 se d\u00e9fendre. Ils ont alors d\u00e9cid\u00e9 de d\u00e9guiser leurs combats dans leurs danses. Elle se distingue particuli\u00e8rement des autres arts martiaux car la Capoeira poss\u00e8de un cot\u00e9 chaleureux mais aussi acrobatique. A noter qu\u2019il n\u2019existe pas de f\u00e9d\u00e9ration officiel de capoeira mais diff\u00e9rents groupes qui la pratique diff\u00e9rent. Les formes les plus connues de capoeira sont la Capoeira Angole et la Capoeira R\u00e9gional.<\/p>\n<p>&nbsp;<\/p>\n<h2>Informations g\u00e9n\u00e9rales sur le d\u00e9m\u00e9nagement<\/h2>\n<p>&nbsp;<\/p>\n<p>Avant de commencer \u00e0 d\u00e9m\u00e9nager, il faut penser \u00e0 plusieurs points pour que cela se passe sans encombre. Vous devez tout d\u2019abord trouver des d\u00e9m\u00e9nageur <a href=\"http:\/\/demenageur.com\">demenageur.com<\/a>\u00a0qui vous conviendront. En effet, alors que certaines entreprises ne s\u2019occuperont que du transport, d\u2019autres seront l\u00e0 d\u00e8s la mise en carton et vous accompagnera jusqu\u2019\u00e0 vos changements administratif du \u00e0 votre d\u00e9m\u00e9nagement <a href=\"http:\/\/demenageur.com\/demenagement\/\">demenageur.com\/demenagement\/<\/a>. La soci\u00e9t\u00e9 pourra vous proposer de multiples services. N\u2019h\u00e9sitez pas \u00e0 leurs demander diff\u00e9rents devis d\u00e9m\u00e9nagement <a href=\"http:\/\/demenageur.com\/devis-demenagement\/\">demenageur.com\/devis-demenagement\/<\/a>\u00a0afin de voir ce qui vous convient le mieux. Si vous n\u2019emm\u00e9nager pas imm\u00e9diatement dans votre nouveau logement et que vos anciens meubles vous g\u00e8nes, vous pouvez les stocker des gardes meubles.\u00a0Cette m\u00e9thode est de plus en plus r\u00e9pandue.<\/p>\n<p>Demenagement Paris : <a href=\"http:\/\/demenageur.com\/demenagement-paris-75\/\">demenageur.com\/demenagement-paris-75\/<\/a><\/p>\n<p>&nbsp;<\/p>\n<h2>Informations g\u00e9n\u00e9rales sur l&rsquo;assurance vie<\/h2>\n<p>&nbsp;<\/p>\n<p>Assurance vie <a href=\"http:\/\/lassurancevie.fr\">lassurancevie.fr<\/a>\u00a0revient \u00e0 la mode depuis quelques ann\u00e9es. Ce placement un peu particulier poss\u00e8de une fiscalit\u00e9 int\u00e9ressante sur les revenus mais surtout en cas de d\u00e9c\u00e8s. De plus, elle poss\u00e8de une offre financi\u00e8re extr\u00eamement large. N\u00e9anmoins l\u2019assurance vie, n\u2019est pas une assurance car elle ne prot\u00e8ge rien. Ce n\u2019est simplement qu\u2019un produit d\u2019\u00e9pargne. Comme toutes autres \u00e9pargnes, Vous r\u00e9cup\u00e9rerez votre argent et vos int\u00e9r\u00eats au fil du temps. L\u2019\u00e9pargne plac\u00e9e ainsi est toujours disponible. Il ne faut donc pas confondre l\u2019assurance vie avec l\u2019assurance d\u00e9c\u00e8s qui, elle, versera un capital important \u00e0 vos proches en cas d\u2019un d\u00e9c\u00e8s pr\u00e9matur\u00e9 m\u00eame si vous n\u2019avez que peu cotis\u00e9.<\/p>\n<p>&nbsp;<\/p>\n<h2>Informations g\u00e9n\u00e9rales sur les visas pour l&rsquo;\u00e9tranger<\/h2>\n<p>&nbsp;<\/p>\n<p>Pour entrer sur certains territoires, il est n\u00e9cessaire de poss\u00e9der un visa. N\u00e9anmoins, selon la destination, les conditions afin de d\u00e9crocher un visa peuvent \u00e9norm\u00e9ment varier. Pour entrer en R\u00e9publique Populaire de Chine, il faudra poss\u00e9der un visa chine <a href=\"http:\/\/visachine.fr\">visachine.fr<\/a>\u00a0qui peut \u00eatre d\u00e9livr\u00e9 par les ambassades de Chine. Concernant le visa russe, il faudra se rapprocher d\u2019une ambassade de visa Russie.\u00a0Concernant le visa inde, il sera plus facile \u00e0 d\u00e9crocher mais il faudra \u00e9galement se rapprocher d\u2019une ambassade indienne. Pour le visa vietnam\u00a0, ce ne sera pas le plus difficile \u00e0 obtenir, mais, l\u00e0 encore, il faudra se d\u00e9placer dans une ambassade vietnamienne.<\/p>\n<p>&nbsp;<\/p>\n<h2>Informations g\u00e9n\u00e9rales sur les croisi\u00e8res<\/h2>\n<p>&nbsp;<\/p>\n<p>Les croisi\u00e8re en paquebots se d\u00e9mocratisent et pour cause, elles sont de moins en moins ch\u00e8res.<\/p>\n<p>N\u00e9anmoins, la plupart des gens ne savent pas concr\u00e8tement ce qu\u2019est une croisi\u00e8re. Une croisi\u00e8re est simplement un circuit o\u00f9 l\u2019on part d\u2019un point pour revenir \u00e0 ce m\u00eame point apr\u00e8s avoir visit\u00e9 plusieurs lieux pendant une p\u00e9riode donn\u00e9e. Mais sur ce type de circuit, vous n\u2019allez pas d\u2019h\u00f4tel en h\u00f4tel car c\u2019est l\u2019h\u00f4tel qui voyage avec vous. Lors des croisi\u00e8res vous pouvez participer \u00e0 de nombreuses animations, mais vous pouvez aussi d\u00e9cider librement de ce que vous allez faire en allant visiter seul lors des haltes.<\/p>\n<p>S\u00e9lectionnez une \u00e9cole de capoeira<a href=\"https:\/\/ledabelle.com\/\"> directement sur le web gr\u00e2ce \u00e0 ce site<\/a>.<\/p>\n","protected":false},"excerpt":{"rendered":"<p>Pr\u00e9sentation de la Capoeira\u00a0 &nbsp; A moiti\u00e9 entre danse et sport de combat, la Capoeira est un art martial afro-br\u00e9silien. Elle puise ses racines dans les m\u00e9thodes de combats des peuples africains du temps de l\u2019esclavage. Ces derniers n\u2019avaient pas le droit d\u2019apprendre \u00e0 se d\u00e9fendre. Ils ont alors d\u00e9cid\u00e9 de d\u00e9guiser leurs combats dans leurs danses. Elle se distingue particuli\u00e8rement des autres arts martiaux car la Capoeira poss\u00e8de un cot\u00e9 chaleureux mais aussi acrobatique. A noter qu\u2019il n\u2019existe pas de f\u00e9d\u00e9ration officiel de capoeira mais diff\u00e9rents groupes qui la pratique diff\u00e9rent. Les formes les plus connues de capoeira sont la Capoeira Angole et la Capoeira R\u00e9gional. &nbsp; Informations g\u00e9n\u00e9rales sur<\/p>\n","protected":false},"author":1,"featured_media":0,"parent":0,"menu_order":0,"comment_status":"closed","ping_status":"closed","template":"","meta":[],"_links":{"self":[{"href":"https:\/\/capoeira-gerais.com\/index.php\/wp-json\/wp\/v2\/pages\/6"}],"collection":[{"href":"https:\/\/capoeira-gerais.com\/index.php\/wp-json\/wp\/v2\/pages"}],"about":[{"href":"https:\/\/capoeira-gerais.com\/index.php\/wp-json\/wp\/v2\/types\/page"}],"author":[{"embeddable":true,"href":"https:\/\/capoeira-gerais.com\/index.php\/wp-json\/wp\/v2\/users\/1"}],"replies":[{"embeddable":true,"href":"https:\/\/capoeira-gerais.com\/index.php\/wp-json\/wp\/v2\/comments?post=6"}],"version-history":[{"count":7,"href":"https:\/\/capoeira-gerais.com\/index.php\/wp-json\/wp\/v2\/pages\/6\/revisions"}],"predecessor-version":[{"id":19,"href":"https:\/\/capoeira-gerais.com\/index.php\/wp-json\/wp\/v2\/pages\/6\/revisions\/19"}],"wp:attachment":[{"href":"https:\/\/capoeira-gerais.com\/index.php\/wp-json\/wp\/v2\/media?parent=6"}],"curies":[{"name":"wp","href":"https:\/\/api.w.org\/{rel}","templated":true}]}}